{"id":31,"date":"2022-12-01T17:09:43","date_gmt":"2022-12-01T16:09:43","guid":{"rendered":"https:\/\/trip-a-velo.com\/?page_id=31"},"modified":"2024-07-25T19:09:48","modified_gmt":"2024-07-25T17:09:48","slug":"legal-notices","status":"publish","type":"page","link":"https:\/\/trip-a-velo.com\/en\/legal-notices\/","title":{"rendered":"Terms and conditions"},"content":{"rendered":"<div data-elementor-type=\"wp-page\" data-elementor-id=\"31\" class=\"elementor elementor-31\" data-elementor-post-type=\"page\">\n\t\t\t\t\t\t<section class=\"elementor-section elementor-top-section elementor-element elementor-element-23514557 elementor-section-boxed elementor-section-height-default elementor-section-height-default\" data-id=\"23514557\" data-element_type=\"section\" data-e-type=\"section\">\n\t\t\t\t\t\t<div class=\"elementor-container elementor-column-gap-no\">\n\t\t\t\t\t<div class=\"elementor-column elementor-col-100 elementor-top-column elementor-element elementor-element-3f7c7769\" data-id=\"3f7c7769\" data-element_type=\"column\" data-e-type=\"column\">\n\t\t\t<div class=\"elementor-widget-wrap elementor-element-populated\">\n\t\t\t\t\t\t<div class=\"elementor-element elementor-element-1d09a0b elementor-widget elementor-widget-heading\" data-id=\"1d09a0b\" data-element_type=\"widget\" data-e-type=\"widget\" data-widget_type=\"heading.default\">\n\t\t\t\t<div class=\"elementor-widget-container\">\n\t\t\t\t\t<h1 class=\"elementor-heading-title elementor-size-default\">Terms and conditions<\/h1>\t\t\t\t<\/div>\n\t\t\t\t<\/div>\n\t\t\t\t<section class=\"elementor-section elementor-inner-section elementor-element elementor-element-13d7562 elementor-section-boxed elementor-section-height-default elementor-section-height-default\" data-id=\"13d7562\" data-element_type=\"section\" data-e-type=\"section\">\n\t\t\t\t\t\t<div class=\"elementor-container elementor-column-gap-no\">\n\t\t\t\t\t<div class=\"elementor-column elementor-col-100 elementor-inner-column elementor-element elementor-element-8c75adc\" data-id=\"8c75adc\" data-element_type=\"column\" data-e-type=\"column\">\n\t\t\t<div class=\"elementor-widget-wrap elementor-element-populated\">\n\t\t\t\t\t\t<div class=\"elementor-element elementor-element-771cfaf elementor-widget elementor-widget-heading\" data-id=\"771cfaf\" data-element_type=\"widget\" data-e-type=\"widget\" data-widget_type=\"heading.default\">\n\t\t\t\t<div class=\"elementor-widget-container\">\n\t\t\t\t\t<h2 class=\"elementor-heading-title elementor-size-default\">1 - Editing the site<\/h2>\t\t\t\t<\/div>\n\t\t\t\t<\/div>\n\t\t\t\t<div class=\"elementor-element elementor-element-cb9cb52 elementor-widget elementor-widget-text-editor\" data-id=\"cb9cb52\" data-element_type=\"widget\" data-e-type=\"widget\" data-widget_type=\"text-editor.default\">\n\t\t\t\t<div class=\"elementor-widget-container\">\n\t\t\t\t\t\t\t\t\t<p>By virtue of\u00a0<a href=\"https:\/\/www.legifrance.gouv.fr\/affichTexte.do?cidTexte=JORFTEXT000000801164#LEGIARTI000042038977\">article 6 of law no. 2004-575 of June 21, 2004<\/a>\u00a0for confidence in the digital economy, users of the website are informed\u00a0<strong>https:\/\/trip-a-velo.com<\/strong>\u00a0the identity of the various stakeholders in the context of its implementation and monitoring:<\/p><p><strong>Site owner:<\/strong>\u00a0TRIP A VELO \u2013 Contact: contact@trip-a-velo.com 0632070119 \u2013 Address: 7 La Belle \u00c9toile, 41360 Lunay.<\/p><p><strong>Company Identification :<\/strong>\u00a0SASU TRIP A VELO with share capital of \u20ac7,500 \u2013 SIREN: 919855908 \u2013 RCS or RM: Blois B 919 855 908 \u2013 Postal address: 7 La Belle \u00c9toile, 41360 Lunay<\/p><p><strong>Publication Director :<\/strong>\u00a0Christine Amizet \u2013 Contact: contact@trip-a-velo.com.<\/p><p><strong>Host :<\/strong>\u00a0OVH SAS \u2013 2 rue Kellermann \u2013 BP 80157 \u2013 59053 Roubaix Cedex 1 \u2013 Telephone: 1007<\/p><p><strong>Credits:<\/strong><\/p><p>Visual identity - <a href=\"https:\/\/www.laetitiacostes.com\">La\u00ebtitia Costes Studio<\/a><\/p><p>Creation of the website \u2013 <a href=\"https:\/\/fd-communication.fr\">FD communication<\/a><\/p><p>Photography \u2013 \u00a9 Christine Amizet \u2013 Bike trip<\/p><p>Photography \u2013 \u00a9 D. Darrault \u2013 CRT Centre-Val de Loire<\/p><p>Photography \u2013 \u00a9 M. Perreau \u2013 CRT Centre-Val de Loire<\/p><p>Photography \u2013 \u00a9 P. Avenet \u2013 CRT Centre-Val de Loire<\/p><p>Photography \u2013 \u00a9 T. Martrou \u2013 CRT Centre-Val de Loire<\/p><p>Photography \u2013 \u00a9 Enola Cr\u00e9ation \u2013 ADT41<\/p><p>Photography \u2013 \u00a9 Studio Mir \u2013 ADT41<\/p><p>Photography \u2013 \u00a9 L. de Serres \u2013 CMN<\/p><p>Photography \u2013 \u00a9 Ch\u00e2teau de Villandry<\/p><p>Photography \u2013 \u00a9 Laurent Alvarez \/ ADT41<\/p><p>Photography \u2013 \u00a9 Lygie Rothon \/ ADT41<\/p><p>\u00a0<\/p><p>TRIP A VELO is registered in the register of travel and stay operators (Atout France) under number IM041220002.<\/p><p>TRIP A VELO has taken out a financial guarantee with the company Groupama Assurance-credit &amp; surety (132 rue des trois Fontanot \u2013 92000 Nanterre) and professional liability insurance with HISCOX (TSA 49007 \u2013 60477 Compi\u00e8gne cedex).<\/p>\t\t\t\t\t\t\t\t<\/div>\n\t\t\t\t<\/div>\n\t\t\t\t\t<\/div>\n\t\t<\/div>\n\t\t\t\t\t<\/div>\n\t\t<\/section>\n\t\t\t\t<section class=\"elementor-section elementor-inner-section elementor-element elementor-element-f4a4d4b elementor-section-boxed elementor-section-height-default elementor-section-height-default\" data-id=\"f4a4d4b\" data-element_type=\"section\" data-e-type=\"section\">\n\t\t\t\t\t\t<div class=\"elementor-container elementor-column-gap-no\">\n\t\t\t\t\t<div class=\"elementor-column elementor-col-100 elementor-inner-column elementor-element elementor-element-b833747\" data-id=\"b833747\" data-element_type=\"column\" data-e-type=\"column\">\n\t\t\t<div class=\"elementor-widget-wrap elementor-element-populated\">\n\t\t\t\t\t\t<div class=\"elementor-element elementor-element-bdb5d61 elementor-widget elementor-widget-heading\" data-id=\"bdb5d61\" data-element_type=\"widget\" data-e-type=\"widget\" data-widget_type=\"heading.default\">\n\t\t\t\t<div class=\"elementor-widget-container\">\n\t\t\t\t\t<h2 class=\"elementor-heading-title elementor-size-default\">2 - Intellectual property and counterfeits<\/h2>\t\t\t\t<\/div>\n\t\t\t\t<\/div>\n\t\t\t\t<div class=\"elementor-element elementor-element-dea5455 elementor-widget elementor-widget-text-editor\" data-id=\"dea5455\" data-element_type=\"widget\" data-e-type=\"widget\" data-widget_type=\"text-editor.default\">\n\t\t\t\t<div class=\"elementor-widget-container\">\n\t\t\t\t\t\t\t\t\t<p><strong>BIKE TRIP<\/strong>\u00a0is the owner of the intellectual property rights and holds the usage rights on all elements accessible on the website, in particular texts, images, graphics, logos, videos, architecture, icons and sounds. Any reproduction, representation, modification, publication, adaptation of all or part of the elements of the site, whatever the means or process used, is prohibited without prior written authorization from <strong>BIKE TRIP<\/strong>. Any unauthorized use of the site or any of the elements it contains will be considered as constituting an infringement and prosecuted in accordance with the provisions of articles\u00a0<a href=\"https:\/\/www.legifrance.gouv.fr\/affichCodeArticle.do?idArticle=LEGIARTI000032655082&amp;cidTexte=LEGITEXT000006069414&amp;dateTexte=20160605\">L.335-2 et seq. of the Intellectual Property Code<\/a>.<\/p>\t\t\t\t\t\t\t\t<\/div>\n\t\t\t\t<\/div>\n\t\t\t\t\t<\/div>\n\t\t<\/div>\n\t\t\t\t\t<\/div>\n\t\t<\/section>\n\t\t\t\t<section class=\"elementor-section elementor-inner-section elementor-element elementor-element-69527bb elementor-section-boxed elementor-section-height-default elementor-section-height-default\" data-id=\"69527bb\" data-element_type=\"section\" data-e-type=\"section\">\n\t\t\t\t\t\t<div class=\"elementor-container elementor-column-gap-no\">\n\t\t\t\t\t<div class=\"elementor-column elementor-col-100 elementor-inner-column elementor-element elementor-element-5f67b58\" data-id=\"5f67b58\" data-element_type=\"column\" data-e-type=\"column\">\n\t\t\t<div class=\"elementor-widget-wrap elementor-element-populated\">\n\t\t\t\t\t\t<div class=\"elementor-element elementor-element-1141d5d elementor-widget elementor-widget-heading\" data-id=\"1141d5d\" data-element_type=\"widget\" data-e-type=\"widget\" data-widget_type=\"heading.default\">\n\t\t\t\t<div class=\"elementor-widget-container\">\n\t\t\t\t\t<h2 class=\"elementor-heading-title elementor-size-default\">3 - Limitations of liability<\/h2>\t\t\t\t<\/div>\n\t\t\t\t<\/div>\n\t\t\t\t<div class=\"elementor-element elementor-element-ca10b92 elementor-widget elementor-widget-text-editor\" data-id=\"ca10b92\" data-element_type=\"widget\" data-e-type=\"widget\" data-widget_type=\"text-editor.default\">\n\t\t\t\t<div class=\"elementor-widget-container\">\n\t\t\t\t\t\t\t\t\t<p><strong>BIKE TRIP<\/strong>\u00a0cannot be held responsible for direct or indirect damage caused to the user&#039;s equipment when accessing the site https:\/\/trip-a-velo.com. <strong>BIKE TRIP<\/strong> declines all responsibility for the use that may be made of the information and content present on https:\/\/trip-a-velo.com. <strong>BIKE TRIP<\/strong> undertakes to secure the site https:\/\/trip-a-velo.com as best as possible, however its responsibility cannot be called into question if unwanted data is imported and installed on its site without its knowledge. Interactive spaces (contact space or comments) are available to users. <strong>BIKE TRIP<\/strong> reserves the right to delete, without prior notice, any content posted in this space which contravenes the legislation applicable in France, in particular the provisions relating to data protection. If applicable, <strong>BIKE TRIP<\/strong> also reserves the possibility of calling into question the civil and\/or criminal liability of the user, in particular in the event of a message of a racist, offensive, defamatory, or pornographic nature, whatever the medium used (text, photography, etc.).<\/p>\t\t\t\t\t\t\t\t<\/div>\n\t\t\t\t<\/div>\n\t\t\t\t\t<\/div>\n\t\t<\/div>\n\t\t\t\t\t<\/div>\n\t\t<\/section>\n\t\t\t\t<section class=\"elementor-section elementor-inner-section elementor-element elementor-element-31f8b86 elementor-section-boxed elementor-section-height-default elementor-section-height-default\" data-id=\"31f8b86\" data-element_type=\"section\" data-e-type=\"section\">\n\t\t\t\t\t\t<div class=\"elementor-container elementor-column-gap-no\">\n\t\t\t\t\t<div class=\"elementor-column elementor-col-100 elementor-inner-column elementor-element elementor-element-5ff9cc0\" data-id=\"5ff9cc0\" data-element_type=\"column\" data-e-type=\"column\">\n\t\t\t<div class=\"elementor-widget-wrap elementor-element-populated\">\n\t\t\t\t\t\t<div class=\"elementor-element elementor-element-e318e7d elementor-widget elementor-widget-heading\" data-id=\"e318e7d\" data-element_type=\"widget\" data-e-type=\"widget\" data-widget_type=\"heading.default\">\n\t\t\t\t<div class=\"elementor-widget-container\">\n\t\t\t\t\t<h2 class=\"elementor-heading-title elementor-size-default\">4 - CNIL and management of personal data<\/h2>\t\t\t\t<\/div>\n\t\t\t\t<\/div>\n\t\t\t\t<div class=\"elementor-element elementor-element-7e2aded elementor-widget elementor-widget-text-editor\" data-id=\"7e2aded\" data-element_type=\"widget\" data-e-type=\"widget\" data-widget_type=\"text-editor.default\">\n\t\t\t\t<div class=\"elementor-widget-container\">\n\t\t\t\t\t\t\t\t\t<p>In accordance with the provisions of\u00a0<a href=\"https:\/\/www.legifrance.gouv.fr\/affichTexte.do?cidTexte=JORFTEXT000000886460\">law 78-17 of January 6, 1978 amended<\/a>, the user of the site\u00a0<strong>https:\/\/trip-a-velo.com<\/strong>\u00a0has the right to access, modify and delete the information collected. To exercise this right, send a message to contact@trip-a-velo.com. For more information on how we process your data (type of data, purpose, recipient, etc.), read our\u00a0<a href=\"https:\/\/trip-a-velo.com\/en\/privacy-policy\/\">https:\/\/trip-a-velo.com\/politique-de-confidentialite<\/a>.<\/p>\t\t\t\t\t\t\t\t<\/div>\n\t\t\t\t<\/div>\n\t\t\t\t\t<\/div>\n\t\t<\/div>\n\t\t\t\t\t<\/div>\n\t\t<\/section>\n\t\t\t\t<section class=\"elementor-section elementor-inner-section elementor-element elementor-element-64eefd0 elementor-section-boxed elementor-section-height-default elementor-section-height-default\" data-id=\"64eefd0\" data-element_type=\"section\" data-e-type=\"section\">\n\t\t\t\t\t\t<div class=\"elementor-container elementor-column-gap-no\">\n\t\t\t\t\t<div class=\"elementor-column elementor-col-100 elementor-inner-column elementor-element elementor-element-9061aa2\" data-id=\"9061aa2\" data-element_type=\"column\" data-e-type=\"column\">\n\t\t\t<div class=\"elementor-widget-wrap elementor-element-populated\">\n\t\t\t\t\t\t<div class=\"elementor-element elementor-element-a43f9e5 elementor-widget elementor-widget-heading\" data-id=\"a43f9e5\" data-element_type=\"widget\" data-e-type=\"widget\" data-widget_type=\"heading.default\">\n\t\t\t\t<div class=\"elementor-widget-container\">\n\t\t\t\t\t<h2 class=\"elementor-heading-title elementor-size-default\">5 - Hypertext links and cookies<\/h2>\t\t\t\t<\/div>\n\t\t\t\t<\/div>\n\t\t\t\t<div class=\"elementor-element elementor-element-9e4724e elementor-widget elementor-widget-text-editor\" data-id=\"9e4724e\" data-element_type=\"widget\" data-e-type=\"widget\" data-widget_type=\"text-editor.default\">\n\t\t\t\t<div class=\"elementor-widget-container\">\n\t\t\t\t\t\t\t\t\t<p>The site\u00a0<strong>https:\/\/trip-a-velo.com<\/strong>\u00a0contains hypertext links to other sites and disclaims any responsibility for these external links or links created by other sites to\u00a0<strong>https:\/\/trip-a-velo.com<\/strong>. Navigation on the site\u00a0<strong>https:\/\/trip-a-velo.com<\/strong>\u00a0may cause the installation of cookie(s) on the user&#039;s computer. A \u201ccookie\u201d is a small file that records information relating to a user\u2019s navigation on a site. The data thus obtained makes it possible to obtain attendance measurements, for example. You have the possibility\u00a0<strong>to accept or refuse<\/strong> cookies by changing your browser settings. No cookies will be placed without your consent. Cookies are stored for a maximum period of 12 months. For more information on how we use cookies, read our\u00a0<a href=\"https:\/\/trip-a-velo.com\/en\/privacy-policy\/\">https:\/\/trip-a-velo.com\/politique-de-confidentialite<\/a>.<\/p>\t\t\t\t\t\t\t\t<\/div>\n\t\t\t\t<\/div>\n\t\t\t\t\t<\/div>\n\t\t<\/div>\n\t\t\t\t\t<\/div>\n\t\t<\/section>\n\t\t\t\t<section class=\"elementor-section elementor-inner-section elementor-element elementor-element-53860c9 elementor-section-boxed elementor-section-height-default elementor-section-height-default\" data-id=\"53860c9\" data-element_type=\"section\" data-e-type=\"section\">\n\t\t\t\t\t\t<div class=\"elementor-container elementor-column-gap-no\">\n\t\t\t\t\t<div class=\"elementor-column elementor-col-100 elementor-inner-column elementor-element elementor-element-73ad1ce\" data-id=\"73ad1ce\" data-element_type=\"column\" data-e-type=\"column\">\n\t\t\t<div class=\"elementor-widget-wrap elementor-element-populated\">\n\t\t\t\t\t\t<div class=\"elementor-element elementor-element-b2eedf1 elementor-widget elementor-widget-heading\" data-id=\"b2eedf1\" data-element_type=\"widget\" data-e-type=\"widget\" data-widget_type=\"heading.default\">\n\t\t\t\t<div class=\"elementor-widget-container\">\n\t\t\t\t\t<h2 class=\"elementor-heading-title elementor-size-default\">6 - Applicable law and attribution of jurisdiction.<\/h2>\t\t\t\t<\/div>\n\t\t\t\t<\/div>\n\t\t\t\t<div class=\"elementor-element elementor-element-d0ada24 elementor-widget elementor-widget-text-editor\" data-id=\"d0ada24\" data-element_type=\"widget\" data-e-type=\"widget\" data-widget_type=\"text-editor.default\">\n\t\t\t\t<div class=\"elementor-widget-container\">\n\t\t\t\t\t\t\t\t\t<p>Any dispute relating to the use of the site\u00a0<strong>https:\/\/trip-a-velo.com<\/strong>\u00a0is subject to French law. Except in cases where the law does not permit it, exclusive jurisdiction is granted to the competent courts of\u00a0<strong>Blois<\/strong>.<\/p>\t\t\t\t\t\t\t\t<\/div>\n\t\t\t\t<\/div>\n\t\t\t\t\t<\/div>\n\t\t<\/div>\n\t\t\t\t\t<\/div>\n\t\t<\/section>\n\t\t\t\t\t<\/div>\n\t\t<\/div>\n\t\t\t\t\t<\/div>\n\t\t<\/section>\n\t\t\t\t<\/div>","protected":false},"excerpt":{"rendered":"<p>Mentions l\u00e9gales 1 &#8211; \u00c9dition du site En vertu de\u00a0l&rsquo;article 6 de la loi n\u00b0 2004-575 du 21 juin 2004\u00a0pour la confiance dans l&rsquo;\u00e9conomie num\u00e9rique, il est pr\u00e9cis\u00e9 aux utilisateurs du site internet\u00a0https:\/\/trip-a-velo.com\u00a0l&rsquo;identit\u00e9 des diff\u00e9rents intervenants dans le cadre de sa r\u00e9alisation et de son suivi : Propri\u00e9taire du site :\u00a0TRIP A VELO\u00a0&#8211; Contact :\u00a0contact@trip-a-velo.com\u00a00632070119\u00a0&#8211; [&hellip;]<\/p>\n","protected":false},"author":1,"featured_media":0,"parent":0,"menu_order":11,"comment_status":"closed","ping_status":"closed","template":"","meta":{"_acf_changed":false,"_mo_disable_npp":"","footnotes":""},"class_list":["post-31","page","type-page","status-publish","hentry"],"acf":[],"yoast_head":"<!-- This site is optimized with the Yoast SEO plugin v27.2 - https:\/\/yoast.com\/product\/yoast-seo-wordpress\/ -->\n<title>Mentions l\u00e9gales - Trip \u00e0 v\u00e9lo<\/title>\n<meta name=\"description\" content=\"Consultez les mentions l\u00e9gales de l&#039;entreprise TRIP A VELO.\" \/>\n<meta name=\"robots\" content=\"index, follow, max-snippet:-1, max-image-preview:large, max-video-preview:-1\" \/>\n<link rel=\"canonical\" href=\"https:\/\/trip-a-velo.com\/en\/legal-notices\/\" \/>\n<meta property=\"og:locale\" content=\"en_US\" \/>\n<meta property=\"og:type\" content=\"article\" \/>\n<meta property=\"og:title\" content=\"Mentions l\u00e9gales - Trip \u00e0 v\u00e9lo\" \/>\n<meta property=\"og:description\" content=\"Consultez les mentions l\u00e9gales de l&#039;entreprise TRIP A VELO.\" \/>\n<meta property=\"og:url\" content=\"https:\/\/trip-a-velo.com\/en\/legal-notices\/\" \/>\n<meta property=\"og:site_name\" content=\"Trip \u00e0 v\u00e9lo\" \/>\n<meta property=\"article:modified_time\" content=\"2024-07-25T17:09:48+00:00\" \/>\n<meta property=\"og:image\" content=\"https:\/\/trip-a-velo.com\/wp-content\/uploads\/2023\/02\/sejours-a-velo-dans-le-val-de-loire-1.jpg\" \/>\n\t<meta property=\"og:image:width\" content=\"1366\" \/>\n\t<meta property=\"og:image:height\" content=\"768\" \/>\n\t<meta property=\"og:image:type\" content=\"image\/jpeg\" \/>\n<meta name=\"twitter:card\" content=\"summary_large_image\" \/>\n<meta name=\"twitter:label1\" content=\"Est. reading time\" \/>\n\t<meta name=\"twitter:data1\" content=\"5 minutes\" \/>\n<script type=\"application\/ld+json\" class=\"yoast-schema-graph\">{\"@context\":\"https:\/\/schema.org\",\"@graph\":[{\"@type\":\"WebPage\",\"@id\":\"https:\/\/trip-a-velo.com\/en\/legal-notices\/\",\"url\":\"https:\/\/trip-a-velo.com\/en\/legal-notices\/\",\"name\":\"Mentions l\u00e9gales - Trip \u00e0 v\u00e9lo\",\"isPartOf\":{\"@id\":\"https:\/\/trip-a-velo.com\/en\/#website\"},\"datePublished\":\"2022-12-01T16:09:43+00:00\",\"dateModified\":\"2024-07-25T17:09:48+00:00\",\"description\":\"Consultez les mentions l\u00e9gales de l'entreprise TRIP A VELO.\",\"breadcrumb\":{\"@id\":\"https:\/\/trip-a-velo.com\/en\/legal-notices\/#breadcrumb\"},\"inLanguage\":\"en-US\",\"potentialAction\":[{\"@type\":\"ReadAction\",\"target\":[\"https:\/\/trip-a-velo.com\/en\/legal-notices\/\"]}]},{\"@type\":\"BreadcrumbList\",\"@id\":\"https:\/\/trip-a-velo.com\/en\/legal-notices\/#breadcrumb\",\"itemListElement\":[{\"@type\":\"ListItem\",\"position\":1,\"name\":\"Accueil\",\"item\":\"https:\/\/trip-a-velo.com\/\"},{\"@type\":\"ListItem\",\"position\":2,\"name\":\"Mentions l\u00e9gales\"}]},{\"@type\":\"WebSite\",\"@id\":\"https:\/\/trip-a-velo.com\/en\/#website\",\"url\":\"https:\/\/trip-a-velo.com\/en\/\",\"name\":\"Trip \u00e0 v\u00e9lo\",\"description\":\"\",\"publisher\":{\"@id\":\"https:\/\/trip-a-velo.com\/en\/#organization\"},\"potentialAction\":[{\"@type\":\"SearchAction\",\"target\":{\"@type\":\"EntryPoint\",\"urlTemplate\":\"https:\/\/trip-a-velo.com\/en\/?s={search_term_string}\"},\"query-input\":{\"@type\":\"PropertyValueSpecification\",\"valueRequired\":true,\"valueName\":\"search_term_string\"}}],\"inLanguage\":\"en-US\"},{\"@type\":\"Organization\",\"@id\":\"https:\/\/trip-a-velo.com\/en\/#organization\",\"name\":\"Trip \u00e0 v\u00e9lo\",\"url\":\"https:\/\/trip-a-velo.com\/en\/\",\"logo\":{\"@type\":\"ImageObject\",\"inLanguage\":\"en-US\",\"@id\":\"https:\/\/trip-a-velo.com\/en\/#\/schema\/logo\/image\/\",\"url\":\"https:\/\/trip-a-velo.com\/wp-content\/uploads\/2022\/12\/logo-trip-a-velo-full.svg\",\"contentUrl\":\"https:\/\/trip-a-velo.com\/wp-content\/uploads\/2022\/12\/logo-trip-a-velo-full.svg\",\"width\":350,\"height\":201,\"caption\":\"Trip \u00e0 v\u00e9lo\"},\"image\":{\"@id\":\"https:\/\/trip-a-velo.com\/en\/#\/schema\/logo\/image\/\"},\"sameAs\":[\"https:\/\/www.instagram.com\/tripavelo\/\"]}]}<\/script>\n<!-- \/ Yoast SEO plugin. -->","yoast_head_json":{"title":"Legal notices - Trip \u00e0 v\u00e9lo","description":"Consult the legal notices of the company TRIP A VELO.","robots":{"index":"index","follow":"follow","max-snippet":"max-snippet:-1","max-image-preview":"max-image-preview:large","max-video-preview":"max-video-preview:-1"},"canonical":"https:\/\/trip-a-velo.com\/en\/legal-notices\/","og_locale":"en_US","og_type":"article","og_title":"Mentions l\u00e9gales - Trip \u00e0 v\u00e9lo","og_description":"Consultez les mentions l\u00e9gales de l'entreprise TRIP A VELO.","og_url":"https:\/\/trip-a-velo.com\/en\/legal-notices\/","og_site_name":"Trip \u00e0 v\u00e9lo","article_modified_time":"2024-07-25T17:09:48+00:00","og_image":[{"width":1366,"height":768,"url":"https:\/\/trip-a-velo.com\/wp-content\/uploads\/2023\/02\/sejours-a-velo-dans-le-val-de-loire-1.jpg","type":"image\/jpeg"}],"twitter_card":"summary_large_image","twitter_misc":{"Est. reading time":"5 minutes"},"schema":{"@context":"https:\/\/schema.org","@graph":[{"@type":"WebPage","@id":"https:\/\/trip-a-velo.com\/en\/legal-notices\/","url":"https:\/\/trip-a-velo.com\/en\/legal-notices\/","name":"Legal notices - Trip \u00e0 v\u00e9lo","isPartOf":{"@id":"https:\/\/trip-a-velo.com\/en\/#website"},"datePublished":"2022-12-01T16:09:43+00:00","dateModified":"2024-07-25T17:09:48+00:00","description":"Consult the legal notices of the company TRIP A VELO.","breadcrumb":{"@id":"https:\/\/trip-a-velo.com\/en\/legal-notices\/#breadcrumb"},"inLanguage":"en-US","potentialAction":[{"@type":"ReadAction","target":["https:\/\/trip-a-velo.com\/en\/legal-notices\/"]}]},{"@type":"BreadcrumbList","@id":"https:\/\/trip-a-velo.com\/en\/legal-notices\/#breadcrumb","itemListElement":[{"@type":"ListItem","position":1,"name":"Accueil","item":"https:\/\/trip-a-velo.com\/"},{"@type":"ListItem","position":2,"name":"Mentions l\u00e9gales"}]},{"@type":"WebSite","@id":"https:\/\/trip-a-velo.com\/en\/#website","url":"https:\/\/trip-a-velo.com\/en\/","name":"Trip \u00e0 v\u00e9lo","description":"","publisher":{"@id":"https:\/\/trip-a-velo.com\/en\/#organization"},"potentialAction":[{"@type":"SearchAction","target":{"@type":"EntryPoint","urlTemplate":"https:\/\/trip-a-velo.com\/en\/?s={search_term_string}"},"query-input":{"@type":"PropertyValueSpecification","valueRequired":true,"valueName":"search_term_string"}}],"inLanguage":"en-US"},{"@type":"Organization","@id":"https:\/\/trip-a-velo.com\/en\/#organization","name":"Trip \u00e0 v\u00e9lo","url":"https:\/\/trip-a-velo.com\/en\/","logo":{"@type":"ImageObject","inLanguage":"en-US","@id":"https:\/\/trip-a-velo.com\/en\/#\/schema\/logo\/image\/","url":"https:\/\/trip-a-velo.com\/wp-content\/uploads\/2022\/12\/logo-trip-a-velo-full.svg","contentUrl":"https:\/\/trip-a-velo.com\/wp-content\/uploads\/2022\/12\/logo-trip-a-velo-full.svg","width":350,"height":201,"caption":"Trip \u00e0 v\u00e9lo"},"image":{"@id":"https:\/\/trip-a-velo.com\/en\/#\/schema\/logo\/image\/"},"sameAs":["https:\/\/www.instagram.com\/tripavelo\/"]}]}},"_links":{"self":[{"href":"https:\/\/trip-a-velo.com\/en\/wp-json\/wp\/v2\/pages\/31","targetHints":{"allow":["GET"]}}],"collection":[{"href":"https:\/\/trip-a-velo.com\/en\/wp-json\/wp\/v2\/pages"}],"about":[{"href":"https:\/\/trip-a-velo.com\/en\/wp-json\/wp\/v2\/types\/page"}],"author":[{"embeddable":true,"href":"https:\/\/trip-a-velo.com\/en\/wp-json\/wp\/v2\/users\/1"}],"replies":[{"embeddable":true,"href":"https:\/\/trip-a-velo.com\/en\/wp-json\/wp\/v2\/comments?post=31"}],"version-history":[{"count":0,"href":"https:\/\/trip-a-velo.com\/en\/wp-json\/wp\/v2\/pages\/31\/revisions"}],"wp:attachment":[{"href":"https:\/\/trip-a-velo.com\/en\/wp-json\/wp\/v2\/media?parent=31"}],"curies":[{"name":"wp","href":"https:\/\/api.w.org\/{rel}","templated":true}]}}