{"id":35,"date":"2022-12-01T17:10:04","date_gmt":"2022-12-01T16:10:04","guid":{"rendered":"https:\/\/trip-a-velo.com\/?page_id=35"},"modified":"2024-07-25T19:11:00","modified_gmt":"2024-07-25T17:11:00","slug":"cookie-policy","status":"publish","type":"page","link":"https:\/\/trip-a-velo.com\/en\/cookie-policy\/","title":{"rendered":"Cookie Policy"},"content":{"rendered":"<div data-elementor-type=\"wp-page\" data-elementor-id=\"35\" class=\"elementor elementor-35\" data-elementor-post-type=\"page\">\n\t\t\t\t\t\t<section class=\"elementor-section elementor-top-section elementor-element elementor-element-4f18fd1 elementor-section-boxed elementor-section-height-default elementor-section-height-default\" data-id=\"4f18fd1\" data-element_type=\"section\" data-e-type=\"section\">\n\t\t\t\t\t\t<div class=\"elementor-container elementor-column-gap-no\">\n\t\t\t\t\t<div class=\"elementor-column elementor-col-100 elementor-top-column elementor-element elementor-element-d47d57c\" data-id=\"d47d57c\" data-element_type=\"column\" data-e-type=\"column\">\n\t\t\t<div class=\"elementor-widget-wrap elementor-element-populated\">\n\t\t\t\t\t\t<div class=\"elementor-element elementor-element-64c4665 elementor-widget elementor-widget-heading\" data-id=\"64c4665\" data-element_type=\"widget\" data-e-type=\"widget\" data-widget_type=\"heading.default\">\n\t\t\t\t<div class=\"elementor-widget-container\">\n\t\t\t\t\t<h1 class=\"elementor-heading-title elementor-size-default\">Cookie Policy<\/h1>\t\t\t\t<\/div>\n\t\t\t\t<\/div>\n\t\t\t\t<div class=\"elementor-element elementor-element-74c595c elementor-widget elementor-widget-text-editor\" data-id=\"74c595c\" data-element_type=\"widget\" data-e-type=\"widget\" data-widget_type=\"text-editor.default\">\n\t\t\t\t<div class=\"elementor-widget-container\">\n\t\t\t\t\t\t\t\t\t<p>Last updated February 16, 2023<\/p><p>Effective date February 16, 2023<\/p>\t\t\t\t\t\t\t\t<\/div>\n\t\t\t\t<\/div>\n\t\t\t\t<div class=\"elementor-element elementor-element-3d579a6 elementor-widget elementor-widget-html\" data-id=\"3d579a6\" data-element_type=\"widget\" data-e-type=\"widget\" data-widget_type=\"html.default\">\n\t\t\t\t<div class=\"elementor-widget-container\">\n\t\t\t\t\t<style>\n    a.cky-banner-element {\n        padding: 8px 30px;\n        background: #F8F9FA;\n        color: #858A8F;\n        border: 1px solid #DEE2E6;\n        box-sizing: border-box;\n        border-radius: 2px;\n        cursor: pointer;\n}\n<\/style>\t\t\t\t<\/div>\n\t\t\t\t<\/div>\n\t\t\t\t<section class=\"elementor-section elementor-inner-section elementor-element elementor-element-b248361 elementor-section-boxed elementor-section-height-default elementor-section-height-default\" data-id=\"b248361\" data-element_type=\"section\" data-e-type=\"section\">\n\t\t\t\t\t\t<div class=\"elementor-container elementor-column-gap-no\">\n\t\t\t\t\t<div class=\"elementor-column elementor-col-100 elementor-inner-column elementor-element elementor-element-34bb57e\" data-id=\"34bb57e\" data-element_type=\"column\" data-e-type=\"column\">\n\t\t\t<div class=\"elementor-widget-wrap elementor-element-populated\">\n\t\t\t\t\t\t<div class=\"elementor-element elementor-element-5a3a15d elementor-widget elementor-widget-heading\" data-id=\"5a3a15d\" data-element_type=\"widget\" data-e-type=\"widget\" data-widget_type=\"heading.default\">\n\t\t\t\t<div class=\"elementor-widget-container\">\n\t\t\t\t\t<h2 class=\"elementor-heading-title elementor-size-default\">What are cookies ?<\/h2>\t\t\t\t<\/div>\n\t\t\t\t<\/div>\n\t\t\t\t<div class=\"elementor-element elementor-element-2a55352 elementor-widget elementor-widget-text-editor\" data-id=\"2a55352\" data-element_type=\"widget\" data-e-type=\"widget\" data-widget_type=\"text-editor.default\">\n\t\t\t\t<div class=\"elementor-widget-container\">\n\t\t\t\t\t\t\t\t\t<p>This Cookie Policy explains what cookies are and how we use them, the types of cookies we use, i.e. the information we collect using cookies and how this information is used , and how to manage cookie settings.<\/p><p>Cookies are small text files used to store small pieces of information. They are stored on your device when the website is loaded on your browser. These cookies help us make the website work properly, make it more secure, provide a better user experience and understand how the website works and analyze what is working and where it needs improvement.<\/p>\t\t\t\t\t\t\t\t<\/div>\n\t\t\t\t<\/div>\n\t\t\t\t\t<\/div>\n\t\t<\/div>\n\t\t\t\t\t<\/div>\n\t\t<\/section>\n\t\t\t\t<section class=\"elementor-section elementor-inner-section elementor-element elementor-element-94391de elementor-section-boxed elementor-section-height-default elementor-section-height-default\" data-id=\"94391de\" data-element_type=\"section\" data-e-type=\"section\">\n\t\t\t\t\t\t<div class=\"elementor-container elementor-column-gap-no\">\n\t\t\t\t\t<div class=\"elementor-column elementor-col-100 elementor-inner-column elementor-element elementor-element-aec032e\" data-id=\"aec032e\" data-element_type=\"column\" data-e-type=\"column\">\n\t\t\t<div class=\"elementor-widget-wrap elementor-element-populated\">\n\t\t\t\t\t\t<div class=\"elementor-element elementor-element-f1ebe5a elementor-widget elementor-widget-heading\" data-id=\"f1ebe5a\" data-element_type=\"widget\" data-e-type=\"widget\" data-widget_type=\"heading.default\">\n\t\t\t\t<div class=\"elementor-widget-container\">\n\t\t\t\t\t<h2 class=\"elementor-heading-title elementor-size-default\">How do we use cookies?<\/h2>\t\t\t\t<\/div>\n\t\t\t\t<\/div>\n\t\t\t\t<div class=\"elementor-element elementor-element-fe40442 elementor-widget elementor-widget-text-editor\" data-id=\"fe40442\" data-element_type=\"widget\" data-e-type=\"widget\" data-widget_type=\"text-editor.default\">\n\t\t\t\t<div class=\"elementor-widget-container\">\n\t\t\t\t\t\t\t\t\t<p>Like most online services, our website uses first-party and third-party cookies for several purposes. First-party cookies are mainly necessary for the website to function properly and do not collect any of your personally identifiable data.<\/p><p>The third-party cookies used on our website are mainly used to understand how the website functions, how you interact with our website, to ensure the security of our services, to provide advertisements relevant to you and overall. to provide you a better and improved user. experience and help speed up your future interactions with our website.<\/p>\t\t\t\t\t\t\t\t<\/div>\n\t\t\t\t<\/div>\n\t\t\t\t\t<\/div>\n\t\t<\/div>\n\t\t\t\t\t<\/div>\n\t\t<\/section>\n\t\t\t\t<section class=\"elementor-section elementor-inner-section elementor-element elementor-element-cd50d78 elementor-section-boxed elementor-section-height-default elementor-section-height-default\" data-id=\"cd50d78\" data-element_type=\"section\" data-e-type=\"section\">\n\t\t\t\t\t\t<div class=\"elementor-container elementor-column-gap-no\">\n\t\t\t\t\t<div class=\"elementor-column elementor-col-100 elementor-inner-column elementor-element elementor-element-5b5dbce\" data-id=\"5b5dbce\" data-element_type=\"column\" data-e-type=\"column\">\n\t\t\t<div class=\"elementor-widget-wrap elementor-element-populated\">\n\t\t\t\t\t\t<div class=\"elementor-element elementor-element-c462792 elementor-widget elementor-widget-heading\" data-id=\"c462792\" data-element_type=\"widget\" data-e-type=\"widget\" data-widget_type=\"heading.default\">\n\t\t\t\t<div class=\"elementor-widget-container\">\n\t\t\t\t\t<h2 class=\"elementor-heading-title elementor-size-default\">Type of cookies we use<\/h2>\t\t\t\t<\/div>\n\t\t\t\t<\/div>\n\t\t\t\t<div class=\"elementor-element elementor-element-c61dc36 elementor-widget elementor-widget-html\" data-id=\"c61dc36\" data-element_type=\"widget\" data-e-type=\"widget\" data-widget_type=\"html.default\">\n\t\t\t\t<div class=\"elementor-widget-container\">\n\t\t\t\t\t<div class=\"cky-audit-table-element\"><\/div>\t\t\t\t<\/div>\n\t\t\t\t<\/div>\n\t\t\t\t\t<\/div>\n\t\t<\/div>\n\t\t\t\t\t<\/div>\n\t\t<\/section>\n\t\t\t\t<section class=\"elementor-section elementor-inner-section elementor-element elementor-element-a5f5558 elementor-section-boxed elementor-section-height-default elementor-section-height-default\" data-id=\"a5f5558\" data-element_type=\"section\" data-e-type=\"section\">\n\t\t\t\t\t\t<div class=\"elementor-container elementor-column-gap-no\">\n\t\t\t\t\t<div class=\"elementor-column elementor-col-100 elementor-inner-column elementor-element elementor-element-0f77965\" data-id=\"0f77965\" data-element_type=\"column\" data-e-type=\"column\">\n\t\t\t<div class=\"elementor-widget-wrap elementor-element-populated\">\n\t\t\t\t\t\t<div class=\"elementor-element elementor-element-48921dd elementor-widget elementor-widget-heading\" data-id=\"48921dd\" data-element_type=\"widget\" data-e-type=\"widget\" data-widget_type=\"heading.default\">\n\t\t\t\t<div class=\"elementor-widget-container\">\n\t\t\t\t\t<h2 class=\"elementor-heading-title elementor-size-default\">Manage your cookie preferences<\/h2>\t\t\t\t<\/div>\n\t\t\t\t<\/div>\n\t\t\t\t<div class=\"elementor-element elementor-element-0c5a8d8 elementor-widget elementor-widget-html\" data-id=\"0c5a8d8\" data-element_type=\"widget\" data-e-type=\"widget\" data-widget_type=\"html.default\">\n\t\t\t\t<div class=\"elementor-widget-container\">\n\t\t\t\t\t<a class=\"cky-banner-element\">Cookie settings<\/a>\t\t\t\t<\/div>\n\t\t\t\t<\/div>\n\t\t\t\t<div class=\"elementor-element elementor-element-74c65d3 elementor-widget elementor-widget-text-editor\" data-id=\"74c65d3\" data-element_type=\"widget\" data-e-type=\"widget\" data-widget_type=\"text-editor.default\">\n\t\t\t\t<div class=\"elementor-widget-container\">\n\t\t\t\t\t\t\t\t\t<p>You can change your cookie preferences at any time by clicking the button above. This will allow you to review the cookie consent banner and change your preferences or withdraw your consent immediately.<\/p><p>In addition to this, different browsers offer different methods for blocking and deleting cookies used by websites. You can change your browser settings to block\/delete cookies. Below you will find links to support documents on managing and deleting cookies from major web browsers.<\/p><p>\u00a0<\/p><p>Chromium: <a href=\"https:\/\/support.google.com\/accounts\/answer\/32050\" target=\"_blank\" rel=\"noopener noreferrer\">https:\/\/support.google.com\/accounts\/answer\/32050<\/a><\/p><p>Safari: <a href=\"https:\/\/support.apple.com\/en-in\/guide\/safari\/sfri11471\/mac\" target=\"_blank\" rel=\"noopener noreferrer\">https:\/\/support.apple.com\/en-in\/guide\/safari\/sfri11471\/mac<\/a><\/p><p>Firefox: <a href=\"https:\/\/support.mozilla.org\/en-US\/kb\/clear-cookies-and-site-data-firefox?redirectslug=delete-cookies-remove-info-websites-stored&amp;redirectlocale=en-US\" target=\"_blank\" rel=\"noopener noreferrer\">https:\/\/support.mozilla.org\/en-US\/kb\/clear-cookies-and-site-data-firefox?redirectslug=delete-cookies-remove-info-websites-stored&amp;redirectlocale=en-US<\/a><\/p><p>Internet Explorer: <a href=\"https:\/\/support.microsoft.com\/en-us\/topic\/how-to-delete-cookie-files-in-internet-explorer-bca9446f-d873-78de-77ba-d42645fa52fc\" target=\"_blank\" rel=\"noopener noreferrer\">https:\/\/support.microsoft.com\/en-us\/topic\/how-to-delete-cookie-files-in-internet-explorer-bca9446f-d873-78de-77ba-d42645fa52fc<\/a><\/p><p>If you are using another web browser, please consult the official support documents for your browser.<\/p><p>\u00a0<\/p><p>Cookie policy generated by <a href=\"https:\/\/www.cookieyes.com\/?utm_source=CP&amp;utm_medium=footer&amp;utm_campaign=UW\" target=\"_blank\" rel=\"noopener\">CookieYes \u2013 Cookie Policy Generator<\/a>.<\/p>\t\t\t\t\t\t\t\t<\/div>\n\t\t\t\t<\/div>\n\t\t\t\t\t<\/div>\n\t\t<\/div>\n\t\t\t\t\t<\/div>\n\t\t<\/section>\n\t\t\t\t\t<\/div>\n\t\t<\/div>\n\t\t\t\t\t<\/div>\n\t\t<\/section>\n\t\t\t\t<\/div>","protected":false},"excerpt":{"rendered":"<p>Politique relative aux cookies Derni\u00e8re mise \u00e0 jour le 16 f\u00e9vrier 2023 Date d\u2019entr\u00e9e en vigueur le 16 f\u00e9vrier 2023 Que sont les cookies ? Cette politique en mati\u00e8re de cookies explique ce que sont les cookies et comment nous les utilisons, les types de cookies que nous utilisons, c&rsquo;est-\u00e0-dire les informations que nous collectons [&hellip;]<\/p>\n","protected":false},"author":1,"featured_media":0,"parent":0,"menu_order":14,"comment_status":"closed","ping_status":"closed","template":"","meta":{"_acf_changed":false,"_mo_disable_npp":"","footnotes":""},"class_list":["post-35","page","type-page","status-publish","hentry"],"acf":[],"yoast_head":"<!-- This site is optimized with the Yoast SEO plugin v27.2 - https:\/\/yoast.com\/product\/yoast-seo-wordpress\/ -->\n<title>Politique relative aux cookies - Trip \u00e0 v\u00e9lo<\/title>\n<meta name=\"description\" content=\"Consultez la politique en mati\u00e8re de cookies de l&#039;entreprise TRIP A VELO.\" \/>\n<meta name=\"robots\" content=\"index, follow, max-snippet:-1, max-image-preview:large, max-video-preview:-1\" \/>\n<link rel=\"canonical\" href=\"https:\/\/trip-a-velo.com\/en\/cookie-policy\/\" \/>\n<meta property=\"og:locale\" content=\"en_US\" \/>\n<meta property=\"og:type\" content=\"article\" \/>\n<meta property=\"og:title\" content=\"Politique relative aux cookies - Trip \u00e0 v\u00e9lo\" \/>\n<meta property=\"og:description\" content=\"Consultez la politique en mati\u00e8re de cookies de l&#039;entreprise TRIP A VELO.\" \/>\n<meta property=\"og:url\" content=\"https:\/\/trip-a-velo.com\/en\/cookie-policy\/\" \/>\n<meta property=\"og:site_name\" content=\"Trip \u00e0 v\u00e9lo\" \/>\n<meta property=\"article:modified_time\" content=\"2024-07-25T17:11:00+00:00\" \/>\n<meta property=\"og:image\" content=\"https:\/\/trip-a-velo.com\/wp-content\/uploads\/2023\/02\/sejours-a-velo-dans-le-val-de-loire-1.jpg\" \/>\n\t<meta property=\"og:image:width\" content=\"1366\" \/>\n\t<meta property=\"og:image:height\" content=\"768\" \/>\n\t<meta property=\"og:image:type\" content=\"image\/jpeg\" \/>\n<meta name=\"twitter:card\" content=\"summary_large_image\" \/>\n<meta name=\"twitter:label1\" content=\"Est. reading time\" \/>\n\t<meta name=\"twitter:data1\" content=\"3 minutes\" \/>\n<script type=\"application\/ld+json\" class=\"yoast-schema-graph\">{\"@context\":\"https:\/\/schema.org\",\"@graph\":[{\"@type\":\"WebPage\",\"@id\":\"https:\/\/trip-a-velo.com\/en\/cookie-policy\/\",\"url\":\"https:\/\/trip-a-velo.com\/en\/cookie-policy\/\",\"name\":\"Politique relative aux cookies - Trip \u00e0 v\u00e9lo\",\"isPartOf\":{\"@id\":\"https:\/\/trip-a-velo.com\/en\/#website\"},\"datePublished\":\"2022-12-01T16:10:04+00:00\",\"dateModified\":\"2024-07-25T17:11:00+00:00\",\"description\":\"Consultez la politique en mati\u00e8re de cookies de l'entreprise TRIP A VELO.\",\"breadcrumb\":{\"@id\":\"https:\/\/trip-a-velo.com\/en\/cookie-policy\/#breadcrumb\"},\"inLanguage\":\"en-US\",\"potentialAction\":[{\"@type\":\"ReadAction\",\"target\":[\"https:\/\/trip-a-velo.com\/en\/cookie-policy\/\"]}]},{\"@type\":\"BreadcrumbList\",\"@id\":\"https:\/\/trip-a-velo.com\/en\/cookie-policy\/#breadcrumb\",\"itemListElement\":[{\"@type\":\"ListItem\",\"position\":1,\"name\":\"Accueil\",\"item\":\"https:\/\/trip-a-velo.com\/\"},{\"@type\":\"ListItem\",\"position\":2,\"name\":\"Politique relative aux cookies\"}]},{\"@type\":\"WebSite\",\"@id\":\"https:\/\/trip-a-velo.com\/en\/#website\",\"url\":\"https:\/\/trip-a-velo.com\/en\/\",\"name\":\"Trip \u00e0 v\u00e9lo\",\"description\":\"\",\"publisher\":{\"@id\":\"https:\/\/trip-a-velo.com\/en\/#organization\"},\"potentialAction\":[{\"@type\":\"SearchAction\",\"target\":{\"@type\":\"EntryPoint\",\"urlTemplate\":\"https:\/\/trip-a-velo.com\/en\/?s={search_term_string}\"},\"query-input\":{\"@type\":\"PropertyValueSpecification\",\"valueRequired\":true,\"valueName\":\"search_term_string\"}}],\"inLanguage\":\"en-US\"},{\"@type\":\"Organization\",\"@id\":\"https:\/\/trip-a-velo.com\/en\/#organization\",\"name\":\"Trip \u00e0 v\u00e9lo\",\"url\":\"https:\/\/trip-a-velo.com\/en\/\",\"logo\":{\"@type\":\"ImageObject\",\"inLanguage\":\"en-US\",\"@id\":\"https:\/\/trip-a-velo.com\/en\/#\/schema\/logo\/image\/\",\"url\":\"https:\/\/trip-a-velo.com\/wp-content\/uploads\/2022\/12\/logo-trip-a-velo-full.svg\",\"contentUrl\":\"https:\/\/trip-a-velo.com\/wp-content\/uploads\/2022\/12\/logo-trip-a-velo-full.svg\",\"width\":350,\"height\":201,\"caption\":\"Trip \u00e0 v\u00e9lo\"},\"image\":{\"@id\":\"https:\/\/trip-a-velo.com\/en\/#\/schema\/logo\/image\/\"},\"sameAs\":[\"https:\/\/www.instagram.com\/tripavelo\/\"]}]}<\/script>\n<!-- \/ Yoast SEO plugin. -->","yoast_head_json":{"title":"Cookie policy - Trip \u00e0 v\u00e9lo","description":"Consult TRIP A VELO\u2019s cookie policy.","robots":{"index":"index","follow":"follow","max-snippet":"max-snippet:-1","max-image-preview":"max-image-preview:large","max-video-preview":"max-video-preview:-1"},"canonical":"https:\/\/trip-a-velo.com\/en\/cookie-policy\/","og_locale":"en_US","og_type":"article","og_title":"Politique relative aux cookies - Trip \u00e0 v\u00e9lo","og_description":"Consultez la politique en mati\u00e8re de cookies de l'entreprise TRIP A VELO.","og_url":"https:\/\/trip-a-velo.com\/en\/cookie-policy\/","og_site_name":"Trip \u00e0 v\u00e9lo","article_modified_time":"2024-07-25T17:11:00+00:00","og_image":[{"width":1366,"height":768,"url":"https:\/\/trip-a-velo.com\/wp-content\/uploads\/2023\/02\/sejours-a-velo-dans-le-val-de-loire-1.jpg","type":"image\/jpeg"}],"twitter_card":"summary_large_image","twitter_misc":{"Est. reading time":"3 minutes"},"schema":{"@context":"https:\/\/schema.org","@graph":[{"@type":"WebPage","@id":"https:\/\/trip-a-velo.com\/en\/cookie-policy\/","url":"https:\/\/trip-a-velo.com\/en\/cookie-policy\/","name":"Cookie policy - Trip \u00e0 v\u00e9lo","isPartOf":{"@id":"https:\/\/trip-a-velo.com\/en\/#website"},"datePublished":"2022-12-01T16:10:04+00:00","dateModified":"2024-07-25T17:11:00+00:00","description":"Consult TRIP A VELO\u2019s cookie policy.","breadcrumb":{"@id":"https:\/\/trip-a-velo.com\/en\/cookie-policy\/#breadcrumb"},"inLanguage":"en-US","potentialAction":[{"@type":"ReadAction","target":["https:\/\/trip-a-velo.com\/en\/cookie-policy\/"]}]},{"@type":"BreadcrumbList","@id":"https:\/\/trip-a-velo.com\/en\/cookie-policy\/#breadcrumb","itemListElement":[{"@type":"ListItem","position":1,"name":"Accueil","item":"https:\/\/trip-a-velo.com\/"},{"@type":"ListItem","position":2,"name":"Politique relative aux cookies"}]},{"@type":"WebSite","@id":"https:\/\/trip-a-velo.com\/en\/#website","url":"https:\/\/trip-a-velo.com\/en\/","name":"Trip \u00e0 v\u00e9lo","description":"","publisher":{"@id":"https:\/\/trip-a-velo.com\/en\/#organization"},"potentialAction":[{"@type":"SearchAction","target":{"@type":"EntryPoint","urlTemplate":"https:\/\/trip-a-velo.com\/en\/?s={search_term_string}"},"query-input":{"@type":"PropertyValueSpecification","valueRequired":true,"valueName":"search_term_string"}}],"inLanguage":"en-US"},{"@type":"Organization","@id":"https:\/\/trip-a-velo.com\/en\/#organization","name":"Trip \u00e0 v\u00e9lo","url":"https:\/\/trip-a-velo.com\/en\/","logo":{"@type":"ImageObject","inLanguage":"en-US","@id":"https:\/\/trip-a-velo.com\/en\/#\/schema\/logo\/image\/","url":"https:\/\/trip-a-velo.com\/wp-content\/uploads\/2022\/12\/logo-trip-a-velo-full.svg","contentUrl":"https:\/\/trip-a-velo.com\/wp-content\/uploads\/2022\/12\/logo-trip-a-velo-full.svg","width":350,"height":201,"caption":"Trip \u00e0 v\u00e9lo"},"image":{"@id":"https:\/\/trip-a-velo.com\/en\/#\/schema\/logo\/image\/"},"sameAs":["https:\/\/www.instagram.com\/tripavelo\/"]}]}},"_links":{"self":[{"href":"https:\/\/trip-a-velo.com\/en\/wp-json\/wp\/v2\/pages\/35","targetHints":{"allow":["GET"]}}],"collection":[{"href":"https:\/\/trip-a-velo.com\/en\/wp-json\/wp\/v2\/pages"}],"about":[{"href":"https:\/\/trip-a-velo.com\/en\/wp-json\/wp\/v2\/types\/page"}],"author":[{"embeddable":true,"href":"https:\/\/trip-a-velo.com\/en\/wp-json\/wp\/v2\/users\/1"}],"replies":[{"embeddable":true,"href":"https:\/\/trip-a-velo.com\/en\/wp-json\/wp\/v2\/comments?post=35"}],"version-history":[{"count":0,"href":"https:\/\/trip-a-velo.com\/en\/wp-json\/wp\/v2\/pages\/35\/revisions"}],"wp:attachment":[{"href":"https:\/\/trip-a-velo.com\/en\/wp-json\/wp\/v2\/media?parent=35"}],"curies":[{"name":"wp","href":"https:\/\/api.w.org\/{rel}","templated":true}]}}