{"id":5896,"date":"2023-02-27T15:30:08","date_gmt":"2023-02-27T14:30:08","guid":{"rendered":"https:\/\/trip-a-velo.com\/?page_id=5896"},"modified":"2023-04-27T17:12:26","modified_gmt":"2023-04-27T15:12:26","slug":"confirming-your-subscription","status":"publish","type":"page","link":"https:\/\/trip-a-velo.com\/en\/confirming-your-subscription\/","title":{"rendered":"Confirming your subscription"},"content":{"rendered":"<div data-elementor-type=\"wp-page\" data-elementor-id=\"5896\" class=\"elementor elementor-5896\" data-elementor-post-type=\"page\">\n\t\t\t\t\t\t<section class=\"elementor-section elementor-top-section elementor-element elementor-element-c15f5d1 elementor-section-boxed elementor-section-height-default elementor-section-height-default\" data-id=\"c15f5d1\" data-element_type=\"section\" data-e-type=\"section\">\n\t\t\t\t\t\t<div class=\"elementor-container elementor-column-gap-no\">\n\t\t\t\t\t<div class=\"elementor-column elementor-col-100 elementor-top-column elementor-element elementor-element-91bfc01\" data-id=\"91bfc01\" data-element_type=\"column\" data-e-type=\"column\">\n\t\t\t<div class=\"elementor-widget-wrap elementor-element-populated\">\n\t\t\t\t\t\t<div class=\"elementor-element elementor-element-4fe927c elementor-widget elementor-widget-heading\" data-id=\"4fe927c\" data-element_type=\"widget\" data-e-type=\"widget\" data-widget_type=\"heading.default\">\n\t\t\t\t<div class=\"elementor-widget-container\">\n\t\t\t\t\t<h1 class=\"elementor-heading-title elementor-size-default\">Thank you for your subscription!<\/h1>\t\t\t\t<\/div>\n\t\t\t\t<\/div>\n\t\t\t\t<div class=\"elementor-element elementor-element-893371c elementor-widget elementor-widget-text-editor\" data-id=\"893371c\" data-element_type=\"widget\" data-e-type=\"widget\" data-widget_type=\"text-editor.default\">\n\t\t\t\t<div class=\"elementor-widget-container\">\n\t\t\t\t\t\t\t\t\t<p>We are delighted to be able to count you among our bike-trippers. We hope you will enjoy reading our upcoming news. See you soon ! \ud83d\ude0a<\/p>\t\t\t\t\t\t\t\t<\/div>\n\t\t\t\t<\/div>\n\t\t\t\t<div class=\"elementor-element elementor-element-8c42b8b elementor-widget elementor-widget-text-editor\" data-id=\"8c42b8b\" data-element_type=\"widget\" data-e-type=\"widget\" data-widget_type=\"text-editor.default\">\n\t\t\t\t<div class=\"elementor-widget-container\">\n\t\t\t\t\t\t\t\t\t<p>Have you changed your mind ? <a href=\"https:\/\/trip-a-velo.com\/en\/contact\/\">Contact us<\/a> or wait for our next email so you can unsubscribe.<\/p>\t\t\t\t\t\t\t\t<\/div>\n\t\t\t\t<\/div>\n\t\t\t\t\t<\/div>\n\t\t<\/div>\n\t\t\t\t\t<\/div>\n\t\t<\/section>\n\t\t\t\t<\/div>","protected":false},"excerpt":{"rendered":"<p>Merci pour votre abonnement ! Nous sommes ravis de pouvoir vous compter parmi nos v\u00e9lo-trippers. Nous esp\u00e9rons que vous prendrez beaucoup de plaisir \u00e0 lire nos prochaines actualit\u00e9s. \u00c0 bient\u00f4t ! \ud83d\ude0a Vous avez chang\u00e9 d&rsquo;avis ? Contactez-nous ou attendez notre prochain mail pour pouvoir vous d\u00e9sabonner.<\/p>","protected":false},"author":1,"featured_media":0,"parent":0,"menu_order":9,"comment_status":"closed","ping_status":"closed","template":"","meta":{"_acf_changed":false,"_mo_disable_npp":"","footnotes":""},"class_list":["post-5896","page","type-page","status-publish","hentry"],"acf":[],"yoast_head":"<!-- This site is optimized with the Yoast SEO plugin v27.4 - https:\/\/yoast.com\/product\/yoast-seo-wordpress\/ -->\n<title>Confirmation de votre abonnement - Trip \u00e0 v\u00e9lo<\/title>\n<meta name=\"robots\" content=\"noindex, follow\" \/>\n<meta property=\"og:locale\" content=\"en_US\" \/>\n<meta property=\"og:type\" content=\"article\" \/>\n<meta property=\"og:title\" content=\"Confirmation de votre abonnement - Trip \u00e0 v\u00e9lo\" \/>\n<meta property=\"og:description\" content=\"Merci pour votre abonnement ! Nous sommes ravis de pouvoir vous compter parmi nos v\u00e9lo-trippers. Nous esp\u00e9rons que vous prendrez beaucoup de plaisir \u00e0 lire nos prochaines actualit\u00e9s. \u00c0 bient\u00f4t ! \ud83d\ude0a Vous avez chang\u00e9 d&rsquo;avis ? Contactez-nous ou attendez notre prochain mail pour pouvoir vous d\u00e9sabonner.\" \/>\n<meta property=\"og:url\" content=\"https:\/\/trip-a-velo.com\/en\/confirming-your-subscription\/\" \/>\n<meta property=\"og:site_name\" content=\"Trip \u00e0 v\u00e9lo\" \/>\n<meta property=\"article:modified_time\" content=\"2023-04-27T15:12:26+00:00\" \/>\n<meta property=\"og:image\" content=\"https:\/\/trip-a-velo.com\/wp-content\/uploads\/2023\/02\/sejours-a-velo-dans-le-val-de-loire-1.jpg\" \/>\n\t<meta property=\"og:image:width\" content=\"1366\" \/>\n\t<meta property=\"og:image:height\" content=\"768\" \/>\n\t<meta property=\"og:image:type\" content=\"image\/jpeg\" \/>\n<meta name=\"twitter:card\" content=\"summary_large_image\" \/>\n<meta name=\"twitter:label1\" content=\"Est. reading time\" \/>\n\t<meta name=\"twitter:data1\" content=\"1 minute\" \/>\n<script type=\"application\/ld+json\" class=\"yoast-schema-graph\">{\"@context\":\"https:\\\/\\\/schema.org\",\"@graph\":[{\"@type\":\"WebPage\",\"@id\":\"https:\\\/\\\/trip-a-velo.com\\\/en\\\/confirming-your-subscription\\\/\",\"url\":\"https:\\\/\\\/trip-a-velo.com\\\/en\\\/confirming-your-subscription\\\/\",\"name\":\"Confirmation de votre abonnement - Trip \u00e0 v\u00e9lo\",\"isPartOf\":{\"@id\":\"https:\\\/\\\/trip-a-velo.com\\\/en\\\/#website\"},\"datePublished\":\"2023-02-27T14:30:08+00:00\",\"dateModified\":\"2023-04-27T15:12:26+00:00\",\"breadcrumb\":{\"@id\":\"https:\\\/\\\/trip-a-velo.com\\\/en\\\/confirming-your-subscription\\\/#breadcrumb\"},\"inLanguage\":\"en-US\",\"potentialAction\":[{\"@type\":\"ReadAction\",\"target\":[\"https:\\\/\\\/trip-a-velo.com\\\/en\\\/confirming-your-subscription\\\/\"]}]},{\"@type\":\"BreadcrumbList\",\"@id\":\"https:\\\/\\\/trip-a-velo.com\\\/en\\\/confirming-your-subscription\\\/#breadcrumb\",\"itemListElement\":[{\"@type\":\"ListItem\",\"position\":1,\"name\":\"Accueil\",\"item\":\"https:\\\/\\\/trip-a-velo.com\\\/\"},{\"@type\":\"ListItem\",\"position\":2,\"name\":\"Confirmation de votre abonnement\"}]},{\"@type\":\"WebSite\",\"@id\":\"https:\\\/\\\/trip-a-velo.com\\\/en\\\/#website\",\"url\":\"https:\\\/\\\/trip-a-velo.com\\\/en\\\/\",\"name\":\"Trip \u00e0 v\u00e9lo\",\"description\":\"\",\"publisher\":{\"@id\":\"https:\\\/\\\/trip-a-velo.com\\\/en\\\/#organization\"},\"potentialAction\":[{\"@type\":\"SearchAction\",\"target\":{\"@type\":\"EntryPoint\",\"urlTemplate\":\"https:\\\/\\\/trip-a-velo.com\\\/en\\\/?s={search_term_string}\"},\"query-input\":{\"@type\":\"PropertyValueSpecification\",\"valueRequired\":true,\"valueName\":\"search_term_string\"}}],\"inLanguage\":\"en-US\"},{\"@type\":\"Organization\",\"@id\":\"https:\\\/\\\/trip-a-velo.com\\\/en\\\/#organization\",\"name\":\"Trip \u00e0 v\u00e9lo\",\"url\":\"https:\\\/\\\/trip-a-velo.com\\\/en\\\/\",\"logo\":{\"@type\":\"ImageObject\",\"inLanguage\":\"en-US\",\"@id\":\"https:\\\/\\\/trip-a-velo.com\\\/en\\\/#\\\/schema\\\/logo\\\/image\\\/\",\"url\":\"https:\\\/\\\/trip-a-velo.com\\\/wp-content\\\/uploads\\\/2022\\\/12\\\/logo-trip-a-velo-full.svg\",\"contentUrl\":\"https:\\\/\\\/trip-a-velo.com\\\/wp-content\\\/uploads\\\/2022\\\/12\\\/logo-trip-a-velo-full.svg\",\"width\":350,\"height\":201,\"caption\":\"Trip \u00e0 v\u00e9lo\"},\"image\":{\"@id\":\"https:\\\/\\\/trip-a-velo.com\\\/en\\\/#\\\/schema\\\/logo\\\/image\\\/\"},\"sameAs\":[\"https:\\\/\\\/www.instagram.com\\\/tripavelo\\\/\"]}]}<\/script>\n<!-- \/ Yoast SEO plugin. -->","yoast_head_json":{"title":"Confirmation of your subscription - Trip \u00e0 v\u00e9lo","robots":{"index":"noindex","follow":"follow"},"og_locale":"en_US","og_type":"article","og_title":"Confirmation de votre abonnement - Trip \u00e0 v\u00e9lo","og_description":"Merci pour votre abonnement ! Nous sommes ravis de pouvoir vous compter parmi nos v\u00e9lo-trippers. Nous esp\u00e9rons que vous prendrez beaucoup de plaisir \u00e0 lire nos prochaines actualit\u00e9s. \u00c0 bient\u00f4t ! \ud83d\ude0a Vous avez chang\u00e9 d&rsquo;avis ? Contactez-nous ou attendez notre prochain mail pour pouvoir vous d\u00e9sabonner.","og_url":"https:\/\/trip-a-velo.com\/en\/confirming-your-subscription\/","og_site_name":"Trip \u00e0 v\u00e9lo","article_modified_time":"2023-04-27T15:12:26+00:00","og_image":[{"width":1366,"height":768,"url":"https:\/\/trip-a-velo.com\/wp-content\/uploads\/2023\/02\/sejours-a-velo-dans-le-val-de-loire-1.jpg","type":"image\/jpeg"}],"twitter_card":"summary_large_image","twitter_misc":{"Est. reading time":"1 minute"},"schema":{"@context":"https:\/\/schema.org","@graph":[{"@type":"WebPage","@id":"https:\/\/trip-a-velo.com\/en\/confirming-your-subscription\/","url":"https:\/\/trip-a-velo.com\/en\/confirming-your-subscription\/","name":"Confirmation of your subscription - Trip \u00e0 v\u00e9lo","isPartOf":{"@id":"https:\/\/trip-a-velo.com\/en\/#website"},"datePublished":"2023-02-27T14:30:08+00:00","dateModified":"2023-04-27T15:12:26+00:00","breadcrumb":{"@id":"https:\/\/trip-a-velo.com\/en\/confirming-your-subscription\/#breadcrumb"},"inLanguage":"en-US","potentialAction":[{"@type":"ReadAction","target":["https:\/\/trip-a-velo.com\/en\/confirming-your-subscription\/"]}]},{"@type":"BreadcrumbList","@id":"https:\/\/trip-a-velo.com\/en\/confirming-your-subscription\/#breadcrumb","itemListElement":[{"@type":"ListItem","position":1,"name":"Accueil","item":"https:\/\/trip-a-velo.com\/"},{"@type":"ListItem","position":2,"name":"Confirmation de votre abonnement"}]},{"@type":"WebSite","@id":"https:\/\/trip-a-velo.com\/en\/#website","url":"https:\/\/trip-a-velo.com\/en\/","name":"Trip \u00e0 v\u00e9lo","description":"","publisher":{"@id":"https:\/\/trip-a-velo.com\/en\/#organization"},"potentialAction":[{"@type":"SearchAction","target":{"@type":"EntryPoint","urlTemplate":"https:\/\/trip-a-velo.com\/en\/?s={search_term_string}"},"query-input":{"@type":"PropertyValueSpecification","valueRequired":true,"valueName":"search_term_string"}}],"inLanguage":"en-US"},{"@type":"Organization","@id":"https:\/\/trip-a-velo.com\/en\/#organization","name":"Trip \u00e0 v\u00e9lo","url":"https:\/\/trip-a-velo.com\/en\/","logo":{"@type":"ImageObject","inLanguage":"en-US","@id":"https:\/\/trip-a-velo.com\/en\/#\/schema\/logo\/image\/","url":"https:\/\/trip-a-velo.com\/wp-content\/uploads\/2022\/12\/logo-trip-a-velo-full.svg","contentUrl":"https:\/\/trip-a-velo.com\/wp-content\/uploads\/2022\/12\/logo-trip-a-velo-full.svg","width":350,"height":201,"caption":"Trip \u00e0 v\u00e9lo"},"image":{"@id":"https:\/\/trip-a-velo.com\/en\/#\/schema\/logo\/image\/"},"sameAs":["https:\/\/www.instagram.com\/tripavelo\/"]}]}},"_links":{"self":[{"href":"https:\/\/trip-a-velo.com\/en\/wp-json\/wp\/v2\/pages\/5896","targetHints":{"allow":["GET"]}}],"collection":[{"href":"https:\/\/trip-a-velo.com\/en\/wp-json\/wp\/v2\/pages"}],"about":[{"href":"https:\/\/trip-a-velo.com\/en\/wp-json\/wp\/v2\/types\/page"}],"author":[{"embeddable":true,"href":"https:\/\/trip-a-velo.com\/en\/wp-json\/wp\/v2\/users\/1"}],"replies":[{"embeddable":true,"href":"https:\/\/trip-a-velo.com\/en\/wp-json\/wp\/v2\/comments?post=5896"}],"version-history":[{"count":0,"href":"https:\/\/trip-a-velo.com\/en\/wp-json\/wp\/v2\/pages\/5896\/revisions"}],"wp:attachment":[{"href":"https:\/\/trip-a-velo.com\/en\/wp-json\/wp\/v2\/media?parent=5896"}],"curies":[{"name":"wp","href":"https:\/\/api.w.org\/{rel}","templated":true}]}}